{"id":5843,"date":"2021-04-03T02:40:12","date_gmt":"2021-04-03T02:40:12","guid":{"rendered":"https:\/\/newone.child-appeal.org\/?page_id=5843"},"modified":"2025-02-01T08:11:49","modified_gmt":"2025-02-01T08:11:49","slug":"projects","status":"publish","type":"page","link":"https:\/\/cocuklaradestek.org\/tr\/projects\/","title":{"rendered":"Projeler"},"content":{"rendered":"\t\t<div data-elementor-type=\"wp-page\" data-elementor-id=\"5843\" class=\"elementor elementor-5843\" data-elementor-post-type=\"page\">\n\t\t\t\t\t\t<section class=\"elementor-section elementor-top-section elementor-element elementor-element-48db42d elementor-section-boxed elementor-section-height-default elementor-section-height-default\" data-id=\"48db42d\" data-element_type=\"section\">\n\t\t\t\t\t\t<div class=\"elementor-container elementor-column-gap-default\">\n\t\t\t\t\t<div class=\"elementor-column elementor-col-100 elementor-top-column elementor-element elementor-element-061d9fe\" data-id=\"061d9fe\" data-element_type=\"column\">\n\t\t\t<div class=\"elementor-widget-wrap elementor-element-populated\">\n\t\t\t\t\t\t<div class=\"elementor-element elementor-element-3b92290 elementor-widget elementor-widget-gva-heading-block\" data-id=\"3b92290\" data-element_type=\"widget\" data-widget_type=\"gva-heading-block.default\">\n\t\t\t\t<div class=\"elementor-widget-container\">\n\t\t\t\t\t<div class=\"gva-element-gva-heading-block gva-element\">   <div class=\"align-center style-1 widget gsc-heading box-align-left auto-responsive\">\r\n      <div class=\"content-inner\">\r\n         \r\n                  \r\n         <div class=\"sub-title\"><span class=\"tagline\">programlar\u0131m\u0131z<\/span><\/div>  \r\n         \r\n                     <h2 class=\"title\">\r\n               <span>\u00d6ne \u00c7\u0131kan Baz\u0131 Programlar<\/span>\r\n            <\/h2>\r\n                  \r\n         \r\n         \r\n      <\/div>\r\n   <\/div>\r\n<\/div>\t\t\t\t<\/div>\n\t\t\t\t<\/div>\n\t\t\t\t<div class=\"elementor-element elementor-element-37f6eaf elementor-widget elementor-widget-gva-portfolio\" data-id=\"37f6eaf\" data-element_type=\"widget\" data-widget_type=\"gva-portfolio.default\">\n\t\t\t\t<div class=\"elementor-widget-container\">\n\t\t\t\t\t<div class=\"gva-element-gva-portfolio gva-element\">\r\n  <div class=\"gva-portfolio-grid clearfix grid-3ifs\" data-filter=\"3ifs\">\r\n                 <nav class=\"portfolio-filter\">\r\n          <ul class=\"nav nav-tabs\">\r\n             <li><a class=\"btn-filter all active\" href=\"javascript:void(0)\" data-filter=\"*\"><span>All<\/span><span class=\"count\"><\/span><\/a><\/li>\r\n                            <li><a href=\"javascript:void(0)\" class=\"btn-filter\" data-filter=\".development-tr\"><span>Kalk\u0131nma<\/span><span class=\"count\"><\/span><\/a><\/li>\r\n                            <li><a href=\"javascript:void(0)\" class=\"btn-filter\" data-filter=\".shelter-tr\"><span>Bar\u0131nak<\/span><span class=\"count\"><\/span><\/a><\/li>\r\n                            <li><a href=\"javascript:void(0)\" class=\"btn-filter\" data-filter=\".protection-tr\"><span>Koruma<\/span><span class=\"count\"><\/span><\/a><\/li>\r\n                            <li><a href=\"javascript:void(0)\" class=\"btn-filter\" data-filter=\".orphans-tr\"><span>Yetim<\/span><span class=\"count\"><\/span><\/a><\/li>\r\n                            <li><a href=\"javascript:void(0)\" class=\"btn-filter\" data-filter=\".health-and-wellbeing-tr\"><span>Sa\u011fl\u0131k ve T\u0131bb\u0131 Yard\u0131m<\/span><span class=\"count\"><\/span><\/a><\/li>\r\n                            <li><a href=\"javascript:void(0)\" class=\"btn-filter\" data-filter=\".food-security-livelihood-tr\"><span>G\u0131da G\u00fcvenli\u011fi ve Ge\u00e7im Kaynaklar\u0131<\/span><span class=\"count\"><\/span><\/a><\/li>\r\n                            <li><a href=\"javascript:void(0)\" class=\"btn-filter\" data-filter=\".emergency-response-tr\"><span>Acil M\u00fcdahale<\/span><span class=\"count\"><\/span><\/a><\/li>\r\n                            <li><a href=\"javascript:void(0)\" class=\"btn-filter\" data-filter=\".education-tr\"><span>E\u011fitim<\/span><span class=\"count\"><\/span><\/a><\/li>\r\n                       <\/ul> \r\n       <\/nav> \r\n        <div class=\"gva-content-items\"> \r\n      <div class=\"isotope-items view-portfolio lg-block-grid-3 md-block-grid-3 sm-block-grid-2 xs-block-grid-2 xx-block-grid-1\">\r\n        <div class=\"all food-security-livelihood-tr  item-columns isotope-item\">\r\n   <div class=\"portfolio-block portfolio-v1\">      \r\n      <div class=\"images\">\r\n         <a class=\"link-image-content\" href=\"https:\/\/cocuklaradestek.org\/tr\/case\/food-security-livelihood\/\">\r\n            <img loading=\"lazy\" decoding=\"async\" width=\"580\" height=\"435\" src=\"https:\/\/cocuklaradestek.org\/wp-content\/uploads\/2024\/06\/ca9aaffd-c8e2-4d9a-838a-1db38b041a0a-580x435.jpeg\" class=\"attachment-post-thumbnail size-post-thumbnail wp-post-image\" alt=\"\" \/>         <\/a>\r\n      <\/div>\r\n      <div class=\"case-content\">\r\n         <div class=\"content-inner\">\r\n            <h3 class=\"title\">\r\n            <a href=\"https:\/\/cocuklaradestek.org\/tr\/case\/food-security-livelihood\/\">G\u0131da G\u00fcvenli\u011fi ve Ge\u00e7im Kaynaklar\u0131<\/a><\/h3>\r\n            <div class=\"case-meta\"><a href=\"https:\/\/cocuklaradestek.org\/tr\/category-portfolio\/food-security-livelihood-tr\/\" title=\"View all posts in G\u0131da G\u00fcvenli\u011fi ve Ge\u00e7im Kaynaklar\u0131\">G\u0131da G\u00fcvenli\u011fi ve Ge\u00e7im Kaynaklar\u0131<\/a><\/div>\r\n         <\/div>    \r\n      <\/div>  \r\n      <div class=\"arrow\"><i class=\"fa-solid fa-arrow-right\"><\/i><\/div>\r\n      <span class=\"bg-overlay\"><\/span>\r\n      <a class=\"link-overlay\" href=\"https:\/\/cocuklaradestek.org\/tr\/case\/food-security-livelihood\/\"><\/a>\r\n   <\/div>\r\n   \r\n<\/div>\r\n<div class=\"all emergency-response-tr  item-columns isotope-item\">\r\n   <div class=\"portfolio-block portfolio-v1\">      \r\n      <div class=\"images\">\r\n         <a class=\"link-image-content\" href=\"https:\/\/cocuklaradestek.org\/tr\/case\/emergency-response\/\">\r\n            <img loading=\"lazy\" decoding=\"async\" width=\"580\" height=\"435\" src=\"https:\/\/cocuklaradestek.org\/wp-content\/uploads\/2021\/04\/WhatsApp-Image-2024-02-07-at-10.09.23-AM-580x435.jpeg\" class=\"attachment-post-thumbnail size-post-thumbnail wp-post-image\" alt=\"\" \/>         <\/a>\r\n      <\/div>\r\n      <div class=\"case-content\">\r\n         <div class=\"content-inner\">\r\n            <h3 class=\"title\">\r\n            <a href=\"https:\/\/cocuklaradestek.org\/tr\/case\/emergency-response\/\">Acil M\u00fcdahale<\/a><\/h3>\r\n            <div class=\"case-meta\"><a href=\"https:\/\/cocuklaradestek.org\/tr\/category-portfolio\/emergency-response-tr\/\" title=\"View all posts in Acil M\u00fcdahale\">Acil M\u00fcdahale<\/a><\/div>\r\n         <\/div>    \r\n      <\/div>  \r\n      <div class=\"arrow\"><i class=\"fa-solid fa-arrow-right\"><\/i><\/div>\r\n      <span class=\"bg-overlay\"><\/span>\r\n      <a class=\"link-overlay\" href=\"https:\/\/cocuklaradestek.org\/tr\/case\/emergency-response\/\"><\/a>\r\n   <\/div>\r\n   \r\n<\/div>\r\n<div class=\"all development-tr  item-columns isotope-item\">\r\n   <div class=\"portfolio-block portfolio-v1\">      \r\n      <div class=\"images\">\r\n         <a class=\"link-image-content\" href=\"https:\/\/cocuklaradestek.org\/tr\/case\/development\/\">\r\n            <img loading=\"lazy\" decoding=\"async\" width=\"580\" height=\"435\" src=\"https:\/\/cocuklaradestek.org\/wp-content\/uploads\/2021\/04\/DSC_8767-580x435.jpg\" class=\"attachment-post-thumbnail size-post-thumbnail wp-post-image\" alt=\"\" \/>         <\/a>\r\n      <\/div>\r\n      <div class=\"case-content\">\r\n         <div class=\"content-inner\">\r\n            <h3 class=\"title\">\r\n            <a href=\"https:\/\/cocuklaradestek.org\/tr\/case\/development\/\">Kalk\u0131nma<\/a><\/h3>\r\n            <div class=\"case-meta\"><a href=\"https:\/\/cocuklaradestek.org\/tr\/category-portfolio\/development-tr\/\" title=\"View all posts in Kalk\u0131nma\">Kalk\u0131nma<\/a><\/div>\r\n         <\/div>    \r\n      <\/div>  \r\n      <div class=\"arrow\"><i class=\"fa-solid fa-arrow-right\"><\/i><\/div>\r\n      <span class=\"bg-overlay\"><\/span>\r\n      <a class=\"link-overlay\" href=\"https:\/\/cocuklaradestek.org\/tr\/case\/development\/\"><\/a>\r\n   <\/div>\r\n   \r\n<\/div>\r\n<div class=\"all health-and-wellbeing-tr  item-columns isotope-item\">\r\n   <div class=\"portfolio-block portfolio-v1\">      \r\n      <div class=\"images\">\r\n         <a class=\"link-image-content\" href=\"https:\/\/cocuklaradestek.org\/tr\/case\/health-and-wellbeing\/\">\r\n            <img loading=\"lazy\" decoding=\"async\" width=\"580\" height=\"435\" src=\"https:\/\/cocuklaradestek.org\/wp-content\/uploads\/2021\/04\/WhatsApp-Image-2024-06-28-at-09.55.17-580x435.jpeg\" class=\"attachment-post-thumbnail size-post-thumbnail wp-post-image\" alt=\"\" \/>         <\/a>\r\n      <\/div>\r\n      <div class=\"case-content\">\r\n         <div class=\"content-inner\">\r\n            <h3 class=\"title\">\r\n            <a href=\"https:\/\/cocuklaradestek.org\/tr\/case\/health-and-wellbeing\/\">Sa\u011fl\u0131k ve T\u0131bb\u0131 Yard\u0131m<\/a><\/h3>\r\n            <div class=\"case-meta\"><a href=\"https:\/\/cocuklaradestek.org\/tr\/category-portfolio\/health-and-wellbeing-tr\/\" title=\"View all posts in Sa\u011fl\u0131k ve T\u0131bb\u0131 Yard\u0131m\">Sa\u011fl\u0131k ve T\u0131bb\u0131 Yard\u0131m<\/a><\/div>\r\n         <\/div>    \r\n      <\/div>  \r\n      <div class=\"arrow\"><i class=\"fa-solid fa-arrow-right\"><\/i><\/div>\r\n      <span class=\"bg-overlay\"><\/span>\r\n      <a class=\"link-overlay\" href=\"https:\/\/cocuklaradestek.org\/tr\/case\/health-and-wellbeing\/\"><\/a>\r\n   <\/div>\r\n   \r\n<\/div>\r\n<div class=\"all protection-tr  item-columns isotope-item\">\r\n   <div class=\"portfolio-block portfolio-v1\">      \r\n      <div class=\"images\">\r\n         <a class=\"link-image-content\" href=\"https:\/\/cocuklaradestek.org\/tr\/case\/protection\/\">\r\n            <img loading=\"lazy\" decoding=\"async\" width=\"580\" height=\"435\" src=\"https:\/\/cocuklaradestek.org\/wp-content\/uploads\/2021\/04\/WhatsApp-Image-2024-07-01-at-09.05.01-580x435.jpeg\" class=\"attachment-post-thumbnail size-post-thumbnail wp-post-image\" alt=\"\" \/>         <\/a>\r\n      <\/div>\r\n      <div class=\"case-content\">\r\n         <div class=\"content-inner\">\r\n            <h3 class=\"title\">\r\n            <a href=\"https:\/\/cocuklaradestek.org\/tr\/case\/protection\/\">Koruma<\/a><\/h3>\r\n            <div class=\"case-meta\"><a href=\"https:\/\/cocuklaradestek.org\/tr\/category-portfolio\/protection-tr\/\" title=\"View all posts in Koruma\">Koruma<\/a><\/div>\r\n         <\/div>    \r\n      <\/div>  \r\n      <div class=\"arrow\"><i class=\"fa-solid fa-arrow-right\"><\/i><\/div>\r\n      <span class=\"bg-overlay\"><\/span>\r\n      <a class=\"link-overlay\" href=\"https:\/\/cocuklaradestek.org\/tr\/case\/protection\/\"><\/a>\r\n   <\/div>\r\n   \r\n<\/div>\r\n<div class=\"all orphans-tr  item-columns isotope-item\">\r\n   <div class=\"portfolio-block portfolio-v1\">      \r\n      <div class=\"images\">\r\n         <a class=\"link-image-content\" href=\"https:\/\/cocuklaradestek.org\/tr\/case\/orphans\/\">\r\n            <img loading=\"lazy\" decoding=\"async\" width=\"580\" height=\"435\" src=\"https:\/\/cocuklaradestek.org\/wp-content\/uploads\/2021\/04\/IMG_0840-580x435.jpg\" class=\"attachment-post-thumbnail size-post-thumbnail wp-post-image\" alt=\"\" \/>         <\/a>\r\n      <\/div>\r\n      <div class=\"case-content\">\r\n         <div class=\"content-inner\">\r\n            <h3 class=\"title\">\r\n            <a href=\"https:\/\/cocuklaradestek.org\/tr\/case\/orphans\/\">Yetim<\/a><\/h3>\r\n            <div class=\"case-meta\"><a href=\"https:\/\/cocuklaradestek.org\/tr\/category-portfolio\/orphans-tr\/\" title=\"View all posts in Yetim\">Yetim<\/a><\/div>\r\n         <\/div>    \r\n      <\/div>  \r\n      <div class=\"arrow\"><i class=\"fa-solid fa-arrow-right\"><\/i><\/div>\r\n      <span class=\"bg-overlay\"><\/span>\r\n      <a class=\"link-overlay\" href=\"https:\/\/cocuklaradestek.org\/tr\/case\/orphans\/\"><\/a>\r\n   <\/div>\r\n   \r\n<\/div>\r\n<div class=\"all shelter-tr  item-columns isotope-item\">\r\n   <div class=\"portfolio-block portfolio-v1\">      \r\n      <div class=\"images\">\r\n         <a class=\"link-image-content\" href=\"https:\/\/cocuklaradestek.org\/tr\/case\/shelter\/\">\r\n            <img loading=\"lazy\" decoding=\"async\" width=\"580\" height=\"435\" src=\"https:\/\/cocuklaradestek.org\/wp-content\/uploads\/2021\/04\/WhatsApp-Image-2024-03-05-at-00.56.47-580x435.jpeg\" class=\"attachment-post-thumbnail size-post-thumbnail wp-post-image\" alt=\"\" \/>         <\/a>\r\n      <\/div>\r\n      <div class=\"case-content\">\r\n         <div class=\"content-inner\">\r\n            <h3 class=\"title\">\r\n            <a href=\"https:\/\/cocuklaradestek.org\/tr\/case\/shelter\/\">Bar\u0131nak<\/a><\/h3>\r\n            <div class=\"case-meta\"><a href=\"https:\/\/cocuklaradestek.org\/tr\/category-portfolio\/shelter-tr\/\" title=\"View all posts in Bar\u0131nak\">Bar\u0131nak<\/a><\/div>\r\n         <\/div>    \r\n      <\/div>  \r\n      <div class=\"arrow\"><i class=\"fa-solid fa-arrow-right\"><\/i><\/div>\r\n      <span class=\"bg-overlay\"><\/span>\r\n      <a class=\"link-overlay\" href=\"https:\/\/cocuklaradestek.org\/tr\/case\/shelter\/\"><\/a>\r\n   <\/div>\r\n   \r\n<\/div>\r\n<div class=\"all education-tr  item-columns isotope-item\">\r\n   <div class=\"portfolio-block portfolio-v1\">      \r\n      <div class=\"images\">\r\n         <a class=\"link-image-content\" href=\"https:\/\/cocuklaradestek.org\/tr\/case\/education\/\">\r\n            <img loading=\"lazy\" decoding=\"async\" width=\"580\" height=\"435\" src=\"https:\/\/cocuklaradestek.org\/wp-content\/uploads\/2021\/04\/WhatsApp-Image-2024-06-28-at-10.03.56-580x435.jpeg\" class=\"attachment-post-thumbnail size-post-thumbnail wp-post-image\" alt=\"\" \/>         <\/a>\r\n      <\/div>\r\n      <div class=\"case-content\">\r\n         <div class=\"content-inner\">\r\n            <h3 class=\"title\">\r\n            <a href=\"https:\/\/cocuklaradestek.org\/tr\/case\/education\/\">E\u011fitim<\/a><\/h3>\r\n            <div class=\"case-meta\"><a href=\"https:\/\/cocuklaradestek.org\/tr\/category-portfolio\/education-tr\/\" title=\"View all posts in E\u011fitim\">E\u011fitim<\/a><\/div>\r\n         <\/div>    \r\n      <\/div>  \r\n      <div class=\"arrow\"><i class=\"fa-solid fa-arrow-right\"><\/i><\/div>\r\n      <span class=\"bg-overlay\"><\/span>\r\n      <a class=\"link-overlay\" href=\"https:\/\/cocuklaradestek.org\/tr\/case\/education\/\"><\/a>\r\n   <\/div>\r\n   \r\n<\/div>\r\n      <\/div>\r\n    <\/div>\r\n            <div class=\"pagination\">\r\n                    <\/div>\r\n      <\/div>\r\n  <\/div>\t\t\t\t<\/div>\n\t\t\t\t<\/div>\n\t\t\t\t\t<\/div>\n\t\t<\/div>\n\t\t\t\t\t<\/div>\n\t\t<\/section>\n\t\t\t\t<\/div>\n\t\t","protected":false},"excerpt":{"rendered":"<p>programlar\u0131m\u0131z \u00d6ne \u00c7\u0131kan Baz\u0131 Programlar All Health and Wellbeing Shelter Protection Food Security &amp; Livelihood Emergency Response Education Development Orphans Food Security &#038; Livelihood Food Security &amp; Livelihood Emergency Response Emergency Response Development Development Health and Wellbeing Health and Wellbeing Protection Protection Orphans Orphans Shelter Shelter Education Education<\/p>\n","protected":false},"author":2,"featured_media":0,"parent":0,"menu_order":0,"comment_status":"closed","ping_status":"closed","template":"","meta":{"footnotes":""},"class_list":["post-5843","page","type-page","status-publish","hentry"],"yoast_head":"<!-- This site is optimized with the Yoast SEO plugin v26.7 - https:\/\/yoast.com\/wordpress\/plugins\/seo\/ -->\n<title>Projeler - \u00e7ocuklara destek<\/title>\n<meta name=\"robots\" content=\"index, follow, max-snippet:-1, max-image-preview:large, max-video-preview:-1\" \/>\n<link rel=\"canonical\" href=\"https:\/\/cocuklaradestek.org\/tr\/projects\/\" \/>\n<meta property=\"og:locale\" content=\"tr_TR\" \/>\n<meta property=\"og:type\" content=\"article\" \/>\n<meta property=\"og:title\" content=\"Projeler - \u00e7ocuklara destek\" \/>\n<meta property=\"og:description\" content=\"programlar\u0131m\u0131z \u00d6ne \u00c7\u0131kan Baz\u0131 Programlar All Health and Wellbeing Shelter Protection Food Security &amp; Livelihood Emergency Response Education Development Orphans Food Security &#038; Livelihood Food Security &amp; Livelihood Emergency Response Emergency Response Development Development Health and Wellbeing Health and Wellbeing Protection Protection Orphans Orphans Shelter Shelter Education Education\" \/>\n<meta property=\"og:url\" content=\"https:\/\/cocuklaradestek.org\/tr\/projects\/\" \/>\n<meta property=\"og:site_name\" content=\"\u00e7ocuklara destek\" \/>\n<meta property=\"article:modified_time\" content=\"2025-02-01T08:11:49+00:00\" \/>\n<meta property=\"og:image\" content=\"https:\/\/child-appeal.org\/wp-content\/uploads\/2024\/06\/ca9aaffd-c8e2-4d9a-838a-1db38b041a0a-580x435.jpeg\" \/>\n<meta name=\"twitter:card\" content=\"summary_large_image\" \/>\n<meta name=\"twitter:label1\" content=\"Tahmini okuma s\u00fcresi\" \/>\n\t<meta name=\"twitter:data1\" content=\"2 dakika\" \/>\n<script type=\"application\/ld+json\" class=\"yoast-schema-graph\">{\"@context\":\"https:\/\/schema.org\",\"@graph\":[{\"@type\":\"WebPage\",\"@id\":\"https:\/\/cocuklaradestek.org\/tr\/projects\/\",\"url\":\"https:\/\/cocuklaradestek.org\/tr\/projects\/\",\"name\":\"Projeler - \u00e7ocuklara destek\",\"isPartOf\":{\"@id\":\"https:\/\/cocuklaradestek.org\/tr\/#website\"},\"primaryImageOfPage\":{\"@id\":\"https:\/\/cocuklaradestek.org\/tr\/projects\/#primaryimage\"},\"image\":{\"@id\":\"https:\/\/cocuklaradestek.org\/tr\/projects\/#primaryimage\"},\"thumbnailUrl\":\"https:\/\/child-appeal.org\/wp-content\/uploads\/2024\/06\/ca9aaffd-c8e2-4d9a-838a-1db38b041a0a-580x435.jpeg\",\"datePublished\":\"2021-04-03T02:40:12+00:00\",\"dateModified\":\"2025-02-01T08:11:49+00:00\",\"breadcrumb\":{\"@id\":\"https:\/\/cocuklaradestek.org\/tr\/projects\/#breadcrumb\"},\"inLanguage\":\"tr\",\"potentialAction\":[{\"@type\":\"ReadAction\",\"target\":[\"https:\/\/cocuklaradestek.org\/tr\/projects\/\"]}]},{\"@type\":\"ImageObject\",\"inLanguage\":\"tr\",\"@id\":\"https:\/\/cocuklaradestek.org\/tr\/projects\/#primaryimage\",\"url\":\"https:\/\/child-appeal.org\/wp-content\/uploads\/2024\/06\/ca9aaffd-c8e2-4d9a-838a-1db38b041a0a-580x435.jpeg\",\"contentUrl\":\"https:\/\/child-appeal.org\/wp-content\/uploads\/2024\/06\/ca9aaffd-c8e2-4d9a-838a-1db38b041a0a-580x435.jpeg\"},{\"@type\":\"BreadcrumbList\",\"@id\":\"https:\/\/cocuklaradestek.org\/tr\/projects\/#breadcrumb\",\"itemListElement\":[{\"@type\":\"ListItem\",\"position\":1,\"name\":\"Home\",\"item\":\"https:\/\/cocuklaradestek.org\/tr\/\"},{\"@type\":\"ListItem\",\"position\":2,\"name\":\"Projeler\"}]},{\"@type\":\"WebSite\",\"@id\":\"https:\/\/cocuklaradestek.org\/tr\/#website\",\"url\":\"https:\/\/cocuklaradestek.org\/tr\/\",\"name\":\"CHILD APPEAL CHARITY\",\"description\":\"\",\"publisher\":{\"@id\":\"https:\/\/cocuklaradestek.org\/tr\/#organization\"},\"potentialAction\":[{\"@type\":\"SearchAction\",\"target\":{\"@type\":\"EntryPoint\",\"urlTemplate\":\"https:\/\/cocuklaradestek.org\/tr\/?s={search_term_string}\"},\"query-input\":{\"@type\":\"PropertyValueSpecification\",\"valueRequired\":true,\"valueName\":\"search_term_string\"}}],\"inLanguage\":\"tr\"},{\"@type\":\"Organization\",\"@id\":\"https:\/\/cocuklaradestek.org\/tr\/#organization\",\"name\":\"CHILD APPEAL CHARITY\",\"url\":\"https:\/\/cocuklaradestek.org\/tr\/\",\"logo\":{\"@type\":\"ImageObject\",\"inLanguage\":\"tr\",\"@id\":\"https:\/\/cocuklaradestek.org\/tr\/#\/schema\/logo\/image\/\",\"url\":\"https:\/\/newone.child-appeal.org\/wp-content\/uploads\/2025\/01\/child-appeal-logo.webp\",\"contentUrl\":\"https:\/\/newone.child-appeal.org\/wp-content\/uploads\/2025\/01\/child-appeal-logo.webp\",\"width\":1536,\"height\":422,\"caption\":\"CHILD APPEAL CHARITY\"},\"image\":{\"@id\":\"https:\/\/cocuklaradestek.org\/tr\/#\/schema\/logo\/image\/\"}}]}<\/script>\n<!-- \/ Yoast SEO plugin. -->","yoast_head_json":{"title":"Projeler - \u00e7ocuklara destek","robots":{"index":"index","follow":"follow","max-snippet":"max-snippet:-1","max-image-preview":"max-image-preview:large","max-video-preview":"max-video-preview:-1"},"canonical":"https:\/\/cocuklaradestek.org\/tr\/projects\/","og_locale":"tr_TR","og_type":"article","og_title":"Projeler - \u00e7ocuklara destek","og_description":"programlar\u0131m\u0131z \u00d6ne \u00c7\u0131kan Baz\u0131 Programlar All Health and Wellbeing Shelter Protection Food Security &amp; Livelihood Emergency Response Education Development Orphans Food Security &#038; Livelihood Food Security &amp; Livelihood Emergency Response Emergency Response Development Development Health and Wellbeing Health and Wellbeing Protection Protection Orphans Orphans Shelter Shelter Education Education","og_url":"https:\/\/cocuklaradestek.org\/tr\/projects\/","og_site_name":"\u00e7ocuklara destek","article_modified_time":"2025-02-01T08:11:49+00:00","og_image":[{"url":"https:\/\/child-appeal.org\/wp-content\/uploads\/2024\/06\/ca9aaffd-c8e2-4d9a-838a-1db38b041a0a-580x435.jpeg","type":"","width":"","height":""}],"twitter_card":"summary_large_image","twitter_misc":{"Tahmini okuma s\u00fcresi":"2 dakika"},"schema":{"@context":"https:\/\/schema.org","@graph":[{"@type":"WebPage","@id":"https:\/\/cocuklaradestek.org\/tr\/projects\/","url":"https:\/\/cocuklaradestek.org\/tr\/projects\/","name":"Projeler - \u00e7ocuklara destek","isPartOf":{"@id":"https:\/\/cocuklaradestek.org\/tr\/#website"},"primaryImageOfPage":{"@id":"https:\/\/cocuklaradestek.org\/tr\/projects\/#primaryimage"},"image":{"@id":"https:\/\/cocuklaradestek.org\/tr\/projects\/#primaryimage"},"thumbnailUrl":"https:\/\/child-appeal.org\/wp-content\/uploads\/2024\/06\/ca9aaffd-c8e2-4d9a-838a-1db38b041a0a-580x435.jpeg","datePublished":"2021-04-03T02:40:12+00:00","dateModified":"2025-02-01T08:11:49+00:00","breadcrumb":{"@id":"https:\/\/cocuklaradestek.org\/tr\/projects\/#breadcrumb"},"inLanguage":"tr","potentialAction":[{"@type":"ReadAction","target":["https:\/\/cocuklaradestek.org\/tr\/projects\/"]}]},{"@type":"ImageObject","inLanguage":"tr","@id":"https:\/\/cocuklaradestek.org\/tr\/projects\/#primaryimage","url":"https:\/\/child-appeal.org\/wp-content\/uploads\/2024\/06\/ca9aaffd-c8e2-4d9a-838a-1db38b041a0a-580x435.jpeg","contentUrl":"https:\/\/child-appeal.org\/wp-content\/uploads\/2024\/06\/ca9aaffd-c8e2-4d9a-838a-1db38b041a0a-580x435.jpeg"},{"@type":"BreadcrumbList","@id":"https:\/\/cocuklaradestek.org\/tr\/projects\/#breadcrumb","itemListElement":[{"@type":"ListItem","position":1,"name":"Home","item":"https:\/\/cocuklaradestek.org\/tr\/"},{"@type":"ListItem","position":2,"name":"Projeler"}]},{"@type":"WebSite","@id":"https:\/\/cocuklaradestek.org\/tr\/#website","url":"https:\/\/cocuklaradestek.org\/tr\/","name":"CHILD APPEAL CHARITY","description":"","publisher":{"@id":"https:\/\/cocuklaradestek.org\/tr\/#organization"},"potentialAction":[{"@type":"SearchAction","target":{"@type":"EntryPoint","urlTemplate":"https:\/\/cocuklaradestek.org\/tr\/?s={search_term_string}"},"query-input":{"@type":"PropertyValueSpecification","valueRequired":true,"valueName":"search_term_string"}}],"inLanguage":"tr"},{"@type":"Organization","@id":"https:\/\/cocuklaradestek.org\/tr\/#organization","name":"CHILD APPEAL CHARITY","url":"https:\/\/cocuklaradestek.org\/tr\/","logo":{"@type":"ImageObject","inLanguage":"tr","@id":"https:\/\/cocuklaradestek.org\/tr\/#\/schema\/logo\/image\/","url":"https:\/\/newone.child-appeal.org\/wp-content\/uploads\/2025\/01\/child-appeal-logo.webp","contentUrl":"https:\/\/newone.child-appeal.org\/wp-content\/uploads\/2025\/01\/child-appeal-logo.webp","width":1536,"height":422,"caption":"CHILD APPEAL CHARITY"},"image":{"@id":"https:\/\/cocuklaradestek.org\/tr\/#\/schema\/logo\/image\/"}}]}},"_links":{"self":[{"href":"https:\/\/cocuklaradestek.org\/tr\/wp-json\/wp\/v2\/pages\/5843","targetHints":{"allow":["GET"]}}],"collection":[{"href":"https:\/\/cocuklaradestek.org\/tr\/wp-json\/wp\/v2\/pages"}],"about":[{"href":"https:\/\/cocuklaradestek.org\/tr\/wp-json\/wp\/v2\/types\/page"}],"author":[{"embeddable":true,"href":"https:\/\/cocuklaradestek.org\/tr\/wp-json\/wp\/v2\/users\/2"}],"replies":[{"embeddable":true,"href":"https:\/\/cocuklaradestek.org\/tr\/wp-json\/wp\/v2\/comments?post=5843"}],"version-history":[{"count":7,"href":"https:\/\/cocuklaradestek.org\/tr\/wp-json\/wp\/v2\/pages\/5843\/revisions"}],"predecessor-version":[{"id":6426,"href":"https:\/\/cocuklaradestek.org\/tr\/wp-json\/wp\/v2\/pages\/5843\/revisions\/6426"}],"wp:attachment":[{"href":"https:\/\/cocuklaradestek.org\/tr\/wp-json\/wp\/v2\/media?parent=5843"}],"curies":[{"name":"wp","href":"https:\/\/api.w.org\/{rel}","templated":true}]}}